{"id":1377,"date":"2025-04-23T10:18:11","date_gmt":"2025-04-23T08:18:11","guid":{"rendered":"https:\/\/campingmonacoparc.com\/mentions-legales\/"},"modified":"2025-04-28T13:11:45","modified_gmt":"2025-04-28T11:11:45","slug":"legal-notice","status":"publish","type":"page","link":"https:\/\/www.campingmonacoparc.com\/en\/legal-notice\/","title":{"rendered":"Legal notice"},"content":{"rendered":"<section id=\"ls-section-block_5d6b6afa3ad5ce4ac6d028f804fc32dc\" class=\"ls-section  page-titre\" >\r\n        <div class=\"container \">\r\n        \n\n<h1 class=\"ls__heading wp-block-heading has-text-align-center has-color-1-color has-text-color has-link-color wp-elements-6b64ff569c93325b874e94af2342a4ef\">Legal notice<\/h1>\n\n\n\n<p class=\"ls-paragraph has-text-align-left\">1 &#8211; Company details <br \/>This site is proposed by : <br \/>DUFAS ET CIE MONACO PARC <br \/>Soci\u00e9t\u00e9 \u00e0 responsabilit\u00e9 limit\u00e9e unipersonnelle <br \/>SIRET 53615016200025 <br \/>RCS Alencon B 536 150 162 <br \/>Share capital \u20ac38400 <br \/>NAF 55.10Z <br \/>n \u00b0TVA INTRACOMMUNAUTAIRE- FR87536150162<\/p>\n\n\n\n<p class=\"ls-paragraph has-text-align-left\">CAMPING MONACO PARC <br \/>Route de Monceaux <br \/>61290 LONGNY-AU-PERCHE<\/p>\n\n\n\n<p class=\"ls-paragraph has-text-align-left\">Telephone: 02 33 73 59 59 <br \/>Email: campingmonacoparc@gmail.com<\/p>\n\n\n\n<p class=\"ls-paragraph has-text-align-left\">2 &#8211; Design and Hosting <br \/>Publishing Director: CAMPING MONACO PARC. <br \/>This site is produced and hosted by the company Geek Tonic, <br \/>represented by Mr. Yohan Darmayan in his capacity as Manager. <br \/>Registered office: 50 AV. DU LAC MARION 64200 BIARRITZ <br \/>Tel: 05 32 74 11 52 <br \/>E-mail: support@geek-tonic.com <br \/>Website : <a href=\"https:\/\/www.geek-tonic.com\/\" target=\"_blank\" rel=\"noreferrer noopener nofollow\"><strong>www.geek-tonic.com<\/strong><\/a> <br \/>SIRET : 89746755100015 <br \/>APE : 6201Z<\/p>\n\n\n\n<p class=\"ls-paragraph has-text-align-left\">3 &#8211; Our services <br \/>Rental of land and other real estate. Campsites and parks for caravans or recreational vehicles.<\/p>\n\n\n\n<p class=\"ls-paragraph has-text-align-left\">4 &#8211; User Information <br \/>In accordance with the French law of January 6, 1978, all users have the right to access, rectify and delete information concerning them. We would like to inform you that we are committed to maintaining the confidentiality of all the information you provide to us. This website is partnered with other websites for the purpose of exchanging links. This selection is based on quality criteria. We accept no responsibility for any physical or moral damage they may cause. All rights reserved and exclusive property to the French company &#8220;DUFAS ET CIE MONACO PARC&#8221; of all content (pages, images, photos, scripts, texts&#8230;) of the website www.campingmonacoparc.com.<\/p>\n\n\n\n<p class=\"ls-paragraph has-text-align-left\">5 &#8211; Mediator <br \/>In accordance with the provisions of the French Consumer Code concerning &#8220;the mediation process for consumer disputes&#8221;, in the event of a dispute, and after having referred the matter to the establishment&#8217;s &#8220;customer&#8221; department, you may refer the matter to a consumer mediator, within a maximum period of time. one year from the date of the written complaint, by registered letter. The &#8220;consumer law&#8221; mediator proposed by SARL DUFAS is: <br \/>C.M.2.C. Center de la M\u00e9ditation de la consommation : <br \/>49 Rue de Ponthieu 75008 Paris <br \/>T\u00e9l : 01 89 47 00 14 <br \/>Mail : Cm2c@cm2c.net<\/p>\n\n\r\n    <\/div>\r\n<\/section>","protected":false},"excerpt":{"rendered":"","protected":false},"author":1,"featured_media":1365,"parent":0,"menu_order":0,"comment_status":"closed","ping_status":"closed","template":"","meta":{"_acf_changed":false,"_seopress_robots_primary_cat":"","_seopress_titles_title":"%%post_title%% %%sep%% %%sitetitle%%","_seopress_titles_desc":"Discover our rental services at Camping Monaco Parc. Enjoy a unique and secure stay in our spacious grounds in Longny-au-Perche.","_seopress_robots_index":"yes","footnotes":""},"sujet":[],"class_list":["post-1377","page","type-page","status-publish","has-post-thumbnail","hentry"],"acf":[],"_links":{"self":[{"href":"https:\/\/www.campingmonacoparc.com\/en\/wp-json\/wp\/v2\/pages\/1377","targetHints":{"allow":["GET"]}}],"collection":[{"href":"https:\/\/www.campingmonacoparc.com\/en\/wp-json\/wp\/v2\/pages"}],"about":[{"href":"https:\/\/www.campingmonacoparc.com\/en\/wp-json\/wp\/v2\/types\/page"}],"author":[{"embeddable":true,"href":"https:\/\/www.campingmonacoparc.com\/en\/wp-json\/wp\/v2\/users\/1"}],"replies":[{"embeddable":true,"href":"https:\/\/www.campingmonacoparc.com\/en\/wp-json\/wp\/v2\/comments?post=1377"}],"version-history":[{"count":4,"href":"https:\/\/www.campingmonacoparc.com\/en\/wp-json\/wp\/v2\/pages\/1377\/revisions"}],"predecessor-version":[{"id":1426,"href":"https:\/\/www.campingmonacoparc.com\/en\/wp-json\/wp\/v2\/pages\/1377\/revisions\/1426"}],"wp:featuredmedia":[{"embeddable":true,"href":"https:\/\/www.campingmonacoparc.com\/en\/wp-json\/wp\/v2\/media\/1365"}],"wp:attachment":[{"href":"https:\/\/www.campingmonacoparc.com\/en\/wp-json\/wp\/v2\/media?parent=1377"}],"wp:term":[{"taxonomy":"sujet","embeddable":true,"href":"https:\/\/www.campingmonacoparc.com\/en\/wp-json\/wp\/v2\/sujet?post=1377"}],"curies":[{"name":"wp","href":"https:\/\/api.w.org\/{rel}","templated":true}]}}