{"id":1392,"date":"2025-04-08T16:51:06","date_gmt":"2025-04-08T14:51:06","guid":{"rendered":"https:\/\/campingmonacoparc.com\/camping-animations-loisirs-longny-les-villages\/"},"modified":"2025-05-12T10:03:19","modified_gmt":"2025-05-12T08:03:19","slug":"campsite-entertainment-loisirs-longny-les-villages","status":"publish","type":"page","link":"https:\/\/www.campingmonacoparc.com\/en\/campsite-entertainment-loisirs-longny-les-villages\/","title":{"rendered":"Activities and entertainment"},"content":{"rendered":"<section id=\"ls-section-block_13f16e1e89da7fd6c08a23c6ad955c8e\" class=\"ls-section  page-titre\" >\r\n        <div class=\"container \">\r\n        \n\n<h1 class=\"ls__heading wp-block-heading has-text-align-center has-color-1-color has-text-color has-link-color wp-elements-3b5adf1f143fd46b62b61a2d81dd9340\"><strong>Campsite with leisure activities and entertainment<\/strong> in Normandy<\/h1>\n\n\r\n    <\/div>\r\n<\/section><section id=\"ls-section-block_3124f582d4f5604948687941b0d8ff6c\" class=\"ls-section  home-first page-one has-p-b p-b-10\" >\r\n        <div class=\"container container--wide\">\r\n        \n\n<div class=\"wp-block-columns is-layout-flex wp-container-core-columns-is-layout-9d6595d7 wp-block-columns-is-layout-flex\">\n<div class=\"wp-block-column is-layout-flow wp-block-column-is-layout-flow\" style=\"flex-basis:33.33%\">\n<div class=\"wp-block-columns is-layout-flex wp-container-core-columns-is-layout-9d6595d7 wp-block-columns-is-layout-flex\">\n<div class=\"wp-block-column column-border is-layout-flow wp-block-column-is-layout-flow\">\n<h2 class=\"ls__heading wp-block-heading has-color-1-color has-text-color has-link-color wp-elements-aa72437885297d763133ddda64f9dc2f\"><strong>Campsite entertainment<\/strong>: fun and outdoor activities near Paris!<\/h2>\n\n\n\n<p class=\"ls-paragraph\">The campsite&#8217;s activities vary from year to year, not forgetting our various summer events: p\u00e9tanque and belote competitions, super lotos, waterside evenings, games at the swimming pool in season, such as <strong>muscle-building<\/strong> and <strong>aquagym<\/strong> every morning and <strong>waterpolo<\/strong>, <strong>bike outings<\/strong> in the lush Perche forests.<\/p>\n\n\n\n<p class=\"ls-paragraph\">The Monaco Parc**** campsite also has a <strong>kids&#8217; club<\/strong> for <strong>5-12 year-olds<\/strong>. An <strong>activity leader<\/strong> will look after them all summer long, and our <strong>mascots Bobby and Bobette<\/strong> are sure to please! During the day, the activity leader will propose a variety of fun activities.  <\/p>\n\n\n\n<p class=\"ls-paragraph\">The program includes a variety of activities, creative workshops&#8230; in short, everything to liven up their days at the <a href=\"https:\/\/campingmonacoparc.com\/en\/\">Normandy campsite<\/a>!<\/p>\n\n\n\n<p class=\"ls-paragraph\">During your stay, check the <strong>entertainment schedule<\/strong> (July and August) regularly: events may be added or withdrawn.<\/p>\n<\/div>\n<\/div>\n<\/div>\n\n\n\n<div class=\"wp-block-column is-layout-flow wp-block-column-is-layout-flow\" style=\"flex-basis:66.66%\">\n<figure class=\"wp-block-gallery has-nested-images columns-default is-cropped wp-block-gallery-1 is-layout-flex wp-block-gallery-is-layout-flex\">\n<figure class=\"wp-block-image size-full animated fadeIn delay-200ms\"><a href=\"https:\/\/campingmonacoparc.com\/wp-content\/uploads\/2025\/04\/camping-avec-loisirs-et-animations-en-normandie.jpg\"><img decoding=\"async\" width=\"1000\" height=\"590\" data-id=\"1064\" src=\"https:\/\/campingmonacoparc.com\/wp-content\/uploads\/2025\/04\/camping-avec-loisirs-et-animations-en-normandie.jpg\" alt=\"camping with leisure activities and entertainment in normandy\" class=\"wp-image-1064\" srcset=\"https:\/\/www.campingmonacoparc.com\/wp-content\/uploads\/2025\/04\/camping-avec-loisirs-et-animations-en-normandie.jpg 1000w, https:\/\/www.campingmonacoparc.com\/wp-content\/uploads\/2025\/04\/camping-avec-loisirs-et-animations-en-normandie-300x177.jpg 300w, https:\/\/www.campingmonacoparc.com\/wp-content\/uploads\/2025\/04\/camping-avec-loisirs-et-animations-en-normandie-768x453.jpg 768w\" sizes=\"(max-width: 1000px) 100vw, 1000px\" \/><\/a><\/figure>\n\n\n\n<figure class=\"wp-block-image size-full animated fadeIn\"><a href=\"https:\/\/campingmonacoparc.com\/wp-content\/uploads\/2025\/04\/reveil-musculaire.jpg\"><img decoding=\"async\" width=\"1067\" height=\"950\" data-id=\"1061\" src=\"https:\/\/campingmonacoparc.com\/wp-content\/uploads\/2025\/04\/reveil-musculaire.jpg\" alt=\"muscle awakening\" class=\"wp-image-1061\" srcset=\"https:\/\/www.campingmonacoparc.com\/wp-content\/uploads\/2025\/04\/reveil-musculaire.jpg 1067w, https:\/\/www.campingmonacoparc.com\/wp-content\/uploads\/2025\/04\/reveil-musculaire-300x267.jpg 300w, https:\/\/www.campingmonacoparc.com\/wp-content\/uploads\/2025\/04\/reveil-musculaire-1024x912.jpg 1024w, https:\/\/www.campingmonacoparc.com\/wp-content\/uploads\/2025\/04\/reveil-musculaire-768x684.jpg 768w\" sizes=\"(max-width: 1067px) 100vw, 1067px\" \/><\/a><\/figure>\n<\/figure>\n<\/div>\n<\/div>\n\n\r\n    <\/div>\r\n<\/section><section id=\"miniferme\" class=\"ls-section  home-second page-two\" >\r\n        <div class=\"container container--wide\">\r\n        \n\n<div class=\"wp-block-columns are-vertically-aligned-center is-layout-flex wp-container-core-columns-is-layout-9d6595d7 wp-block-columns-is-layout-flex\">\n<div class=\"wp-block-column is-vertically-aligned-center is-layout-flow wp-block-column-is-layout-flow\">\n<figure class=\"wp-block-image size-full animated fadeIn\"><a href=\"https:\/\/campingmonacoparc.com\/wp-content\/uploads\/2025\/04\/parc-animalier-pour-le-bonheur-des-petits-et-grands-enfants.jpg\"><img decoding=\"async\" width=\"946\" height=\"900\" src=\"https:\/\/campingmonacoparc.com\/wp-content\/uploads\/2025\/04\/parc-animalier-pour-le-bonheur-des-petits-et-grands-enfants.jpg\" alt=\"animal park for the enjoyment of children of all ages\" class=\"wp-image-1066\" srcset=\"https:\/\/www.campingmonacoparc.com\/wp-content\/uploads\/2025\/04\/parc-animalier-pour-le-bonheur-des-petits-et-grands-enfants.jpg 946w, https:\/\/www.campingmonacoparc.com\/wp-content\/uploads\/2025\/04\/parc-animalier-pour-le-bonheur-des-petits-et-grands-enfants-300x285.jpg 300w, https:\/\/www.campingmonacoparc.com\/wp-content\/uploads\/2025\/04\/parc-animalier-pour-le-bonheur-des-petits-et-grands-enfants-768x731.jpg 768w\" sizes=\"(max-width: 946px) 100vw, 946px\" \/><\/a><\/figure>\n<\/div>\n\n\n\n<div class=\"wp-block-column is-vertically-aligned-center is-layout-flow wp-block-column-is-layout-flow\">\n<h2 class=\"ls__heading wp-block-heading has-color-white-color has-text-color has-link-color wp-elements-df8d565dfdcd1153771b3a7cf87b0c1a\"><strong>Animal park<\/strong> for the enjoyment <br\/>of children of all ages<\/h2>\n\n\n\n<p class=\"ls-paragraph has-color-white-color has-text-color has-link-color wp-elements-75e8865c2728487bd4f39ef7fd89ecd2\">Our Normandy campsite offers a wide range of activities for the whole family, including our <strong>animal park<\/strong> and <strong>minifarm<\/strong>!<\/p>\n\n\n\n<p class=\"ls-paragraph has-color-white-color has-text-color has-link-color wp-elements-f1a0e925463ee4c08a730a5dad25e94d\">Come and meet and observe our adorable <strong>llamas<\/strong>, <strong>goats<\/strong>, <strong>donkeys<\/strong>, <strong>ponies<\/strong> and <strong>geese<\/strong> as they evolve in a natural setting. The mini-farm promises you moments of complicity and tenderness! <\/p>\n\n\n\n<figure class=\"wp-block-image size-full illustration oie\"><img decoding=\"async\" width=\"475\" height=\"911\" src=\"https:\/\/campingmonacoparc.com\/wp-content\/uploads\/2025\/04\/activite-oie.png\" alt=\"goose activity\" class=\"wp-image-2062\" srcset=\"https:\/\/www.campingmonacoparc.com\/wp-content\/uploads\/2025\/04\/activite-oie.png 475w, https:\/\/www.campingmonacoparc.com\/wp-content\/uploads\/2025\/04\/activite-oie-156x300.png 156w\" sizes=\"(max-width: 475px) 100vw, 475px\" \/><\/figure>\n<\/div>\n<\/div>\n\n\r\n    <\/div>\r\n<\/section><section id=\"ls-section-block_784c1ed0d726aae019dcd23b1e732fa7\" class=\"ls-section  home-fifth page-three has-m-b m-b-0 has-p-t p-t-15 has-p-b p-b-10\" >\r\n        <div class=\"container container--full\">\r\n        \n\n<figure class=\"wp-block-gallery has-nested-images columns-1 is-cropped wp-block-gallery-2 is-layout-flex wp-block-gallery-is-layout-flex\">\n<figure class=\"wp-block-image size-full\"><img decoding=\"async\" width=\"1920\" height=\"706\" data-id=\"1068\" src=\"https:\/\/campingmonacoparc.com\/wp-content\/uploads\/2025\/04\/terrain-multisport-et-infrastructures-sportives.jpg\" alt=\"multisport field and sports facilities\" class=\"wp-image-1068\" srcset=\"https:\/\/www.campingmonacoparc.com\/wp-content\/uploads\/2025\/04\/terrain-multisport-et-infrastructures-sportives.jpg 1920w, https:\/\/www.campingmonacoparc.com\/wp-content\/uploads\/2025\/04\/terrain-multisport-et-infrastructures-sportives-300x110.jpg 300w, https:\/\/www.campingmonacoparc.com\/wp-content\/uploads\/2025\/04\/terrain-multisport-et-infrastructures-sportives-1024x377.jpg 1024w, https:\/\/www.campingmonacoparc.com\/wp-content\/uploads\/2025\/04\/terrain-multisport-et-infrastructures-sportives-768x282.jpg 768w, https:\/\/www.campingmonacoparc.com\/wp-content\/uploads\/2025\/04\/terrain-multisport-et-infrastructures-sportives-1536x565.jpg 1536w\" sizes=\"(max-width: 1920px) 100vw, 1920px\" \/><\/figure>\n<\/figure>\n\n\n\n<div class=\"wp-block-columns is-layout-flex wp-container-core-columns-is-layout-9d6595d7 wp-block-columns-is-layout-flex\">\n<div class=\"wp-block-column is-layout-flow wp-block-column-is-layout-flow\">\n<h2 class=\"ls__heading wp-block-heading has-text-align-left has-color-1-color has-text-color has-link-color wp-elements-a22fbb3df5909d4179fe03c2f976d3fa\"><strong>Multisport field<\/strong> and sports facilities<\/h2>\n\n\n\n<p class=\"ls-paragraph has-text-align-left\">A paradise for sports enthusiasts, our Normandy campsite offers a wide range of <strong>sports facilities<\/strong> for all ages and <strong>levels<\/strong>. Take advantage of the <strong>multi-sports field<\/strong> for volleyball, handball, basketball, soccer, tennis and badminton. <\/p>\n\n\n\n<p class=\"ls-paragraph has-text-align-left\">We also have a fully-equipped <strong>weights room<\/strong> (bikes, weight bench, step, etc.) and an <strong>outdoor fitness area<\/strong> to keep you in shape. And don&#8217;t forget our <strong>bowling green<\/strong> and <strong>ping-pong<\/strong> tables! <\/p>\n<\/div>\n<\/div>\n\n\r\n    <\/div>\r\n<\/section><section id=\"ls-section-block_d784d8190eea5f6467a5bcd847a7c3d1\" class=\"ls-section  home-first page-one golf has-p-b p-b-15\" >\r\n        <div class=\"container container--wide\">\r\n        \n\n<div class=\"wp-block-columns is-layout-flex wp-container-core-columns-is-layout-9d6595d7 wp-block-columns-is-layout-flex\">\n<div class=\"wp-block-column is-layout-flow wp-block-column-is-layout-flow\" style=\"flex-basis:33.33%\">\n<div class=\"wp-block-columns is-layout-flex wp-container-core-columns-is-layout-9d6595d7 wp-block-columns-is-layout-flex\">\n<div class=\"wp-block-column column-border is-layout-flow wp-block-column-is-layout-flow\">\n<h2 class=\"ls__heading wp-block-heading has-color-1-color has-text-color has-link-color wp-elements-3dd661b577b268edf5d799b09eb0d3f3\">The campsite&#8217;s <strong>miniature golf course<\/strong><\/h2>\n\n\n\n<p class=\"ls-paragraph\">Another family-friendly activity, <strong>minigolf<\/strong>, keeps young and old busy after a walk or a meal.<\/p>\n\n\n\n<p class=\"ls-paragraph\">Come and test your dexterity and have fun, together or with your children! The courses are set in a relaxing , <strong>natural setting<\/strong> not far from the pond. <\/p>\n\n\n\n<p class=\"ls-paragraph\">Can you master the little white ball?<\/p>\n<\/div>\n<\/div>\n<\/div>\n\n\n\n<div class=\"wp-block-column is-layout-flow wp-block-column-is-layout-flow\" style=\"flex-basis:66.66%\">\n<figure class=\"wp-block-gallery has-nested-images columns-default is-cropped wp-block-gallery-3 is-layout-flex wp-block-gallery-is-layout-flex\">\n<figure class=\"wp-block-image size-full animated fadeIn delay-200ms\"><a href=\"https:\/\/campingmonacoparc.com\/wp-content\/uploads\/2025\/04\/minigolf.jpg\"><img decoding=\"async\" width=\"1000\" height=\"590\" data-id=\"1072\" src=\"https:\/\/campingmonacoparc.com\/wp-content\/uploads\/2025\/04\/minigolf.jpg\" alt=\"minigolf\" class=\"wp-image-1072\" srcset=\"https:\/\/www.campingmonacoparc.com\/wp-content\/uploads\/2025\/04\/minigolf.jpg 1000w, https:\/\/www.campingmonacoparc.com\/wp-content\/uploads\/2025\/04\/minigolf-300x177.jpg 300w, https:\/\/www.campingmonacoparc.com\/wp-content\/uploads\/2025\/04\/minigolf-768x453.jpg 768w\" sizes=\"(max-width: 1000px) 100vw, 1000px\" \/><\/a><\/figure>\n\n\n\n<figure class=\"wp-block-image size-full animated fadeIn\"><a href=\"https:\/\/campingmonacoparc.com\/wp-content\/uploads\/2025\/04\/le-minigolf-du-camping.jpg\"><img decoding=\"async\" width=\"1067\" height=\"950\" data-id=\"1070\" src=\"https:\/\/campingmonacoparc.com\/wp-content\/uploads\/2025\/04\/le-minigolf-du-camping.jpg\" alt=\"the campsite's miniature golf course\" class=\"wp-image-1070\" srcset=\"https:\/\/www.campingmonacoparc.com\/wp-content\/uploads\/2025\/04\/le-minigolf-du-camping.jpg 1067w, https:\/\/www.campingmonacoparc.com\/wp-content\/uploads\/2025\/04\/le-minigolf-du-camping-300x267.jpg 300w, https:\/\/www.campingmonacoparc.com\/wp-content\/uploads\/2025\/04\/le-minigolf-du-camping-1024x912.jpg 1024w, https:\/\/www.campingmonacoparc.com\/wp-content\/uploads\/2025\/04\/le-minigolf-du-camping-768x684.jpg 768w\" sizes=\"(max-width: 1067px) 100vw, 1067px\" \/><\/a><\/figure>\n<\/figure>\n<\/div>\n<\/div>\n\n\r\n    <\/div>\r\n<\/section><section id=\"ls-section-block_634d7f6544ff5cf76b4fe34824d931cc\" class=\"ls-section  home-second page-two\" >\r\n        <div class=\"container container--wide\">\r\n        \n\n<div class=\"wp-block-columns are-vertically-aligned-center is-layout-flex wp-container-core-columns-is-layout-9d6595d7 wp-block-columns-is-layout-flex\">\n<div class=\"wp-block-column is-vertically-aligned-center is-layout-flow wp-block-column-is-layout-flow\">\n<figure class=\"wp-block-image size-full animated fadeIn\"><a href=\"https:\/\/campingmonacoparc.com\/wp-content\/uploads\/2025\/04\/l-aire-de-jeux-pour-les-petits.jpg\"><img decoding=\"async\" width=\"946\" height=\"900\" src=\"https:\/\/campingmonacoparc.com\/wp-content\/uploads\/2025\/04\/l-aire-de-jeux-pour-les-petits.jpg\" alt=\"playground for the little ones\" class=\"wp-image-1074\" srcset=\"https:\/\/www.campingmonacoparc.com\/wp-content\/uploads\/2025\/04\/l-aire-de-jeux-pour-les-petits.jpg 946w, https:\/\/www.campingmonacoparc.com\/wp-content\/uploads\/2025\/04\/l-aire-de-jeux-pour-les-petits-300x285.jpg 300w, https:\/\/www.campingmonacoparc.com\/wp-content\/uploads\/2025\/04\/l-aire-de-jeux-pour-les-petits-768x731.jpg 768w\" sizes=\"(max-width: 946px) 100vw, 946px\" \/><\/a><\/figure>\n<\/div>\n\n\n\n<div class=\"wp-block-column is-vertically-aligned-center is-layout-flow wp-block-column-is-layout-flow\">\n<h2 class=\"ls__heading wp-block-heading has-color-white-color has-text-color has-link-color wp-elements-586488dfb6ea4b1b779292f06e0ef155\"><strong>Playground<\/strong> for the little ones<\/h2>\n\n\n\n<p class=\"ls-paragraph has-color-white-color has-text-color has-link-color wp-elements-7b50fd098790cb6b9da29be0293e9ce5\">Are you travelling with your family and looking for a campsite with a <strong>children&#8217;s play area<\/strong>?<\/p>\n\n\n\n<p class=\"ls-paragraph has-color-white-color has-text-color has-link-color wp-elements-f1e446d2efe2afbb4f745018365e1ebd\">At Monaco Parc****, youngsters can have fun in complete safety on slides, swings and inflatables.<\/p>\n\n\n\n<p class=\"ls-paragraph has-color-white-color has-text-color has-link-color wp-elements-150054de4abd83da8c4bdc6dec6386bf\">Our campsite in Normandy offers a full range of activities, with an area designed for children&#8217;s enjoyment.<\/p>\n\n\n\n<p class=\"ls-paragraph has-color-white-color has-text-color has-link-color wp-elements-8e36218558f233a3669beb22fb3f108d\">Enjoy a relaxing vacation in a natural, family-friendly setting!<\/p>\n<\/div>\n<\/div>\n\n\r\n    <\/div>\r\n<\/section><section id=\"ls-section-block_784c1ed0d726aae019dcd23b1e732fa7\" class=\"ls-section  home-fifth page-three has-m-b m-b-0 has-p-t p-t-15 has-p-b p-b-10\" >\r\n        <div class=\"container container--full\">\r\n        \n\n<figure class=\"wp-block-gallery has-nested-images columns-1 is-cropped wp-block-gallery-4 is-layout-flex wp-block-gallery-is-layout-flex\">\n<figure class=\"wp-block-image size-full\"><img decoding=\"async\" width=\"1920\" height=\"706\" data-id=\"1076\" src=\"https:\/\/campingmonacoparc.com\/wp-content\/uploads\/2025\/04\/activites-et-tournois-sportifs.jpg\" alt=\"sports activities and tournaments\" class=\"wp-image-1076\" srcset=\"https:\/\/www.campingmonacoparc.com\/wp-content\/uploads\/2025\/04\/activites-et-tournois-sportifs.jpg 1920w, https:\/\/www.campingmonacoparc.com\/wp-content\/uploads\/2025\/04\/activites-et-tournois-sportifs-300x110.jpg 300w, https:\/\/www.campingmonacoparc.com\/wp-content\/uploads\/2025\/04\/activites-et-tournois-sportifs-1024x377.jpg 1024w, https:\/\/www.campingmonacoparc.com\/wp-content\/uploads\/2025\/04\/activites-et-tournois-sportifs-768x282.jpg 768w, https:\/\/www.campingmonacoparc.com\/wp-content\/uploads\/2025\/04\/activites-et-tournois-sportifs-1536x565.jpg 1536w\" sizes=\"(max-width: 1920px) 100vw, 1920px\" \/><\/figure>\n<\/figure>\n\n\n\n<div class=\"wp-block-columns is-layout-flex wp-container-core-columns-is-layout-9d6595d7 wp-block-columns-is-layout-flex\">\n<div class=\"wp-block-column is-layout-flow wp-block-column-is-layout-flow\">\n<h2 class=\"ls__heading wp-block-heading has-text-align-left has-color-1-color has-text-color has-link-color wp-elements-28ff7af4965cc88095ebf91c9928d31b\"><strong>Sports activities and tournaments<\/strong><\/h2>\n\n\n\n<p class=\"ls-paragraph has-text-align-left\">At our campsite, activities for all punctuate your summer vacations. You can count on our team to organize <strong>p\u00e9tanque, soccer or tennis tournaments<\/strong>, badminton or table tennis. <\/p>\n\n\n\n<p class=\"ls-paragraph has-text-align-left\">Group games, competitions and fun activities bring young and old together in a convivial atmosphere. Ideal for sharing memorable family moments! <\/p>\n<\/div>\n<\/div>\n\n\r\n    <\/div>\r\n<\/section><section id=\"ls-section-block_30fabe600669c45d3f4a6c16fdbb4df1\" class=\"ls-section  home-first page-one has-m-b m-b-10 has-p-b p-b-12\" >\r\n        <div class=\"container container--wide\">\r\n        \n\n<div class=\"wp-block-columns is-layout-flex wp-container-core-columns-is-layout-9d6595d7 wp-block-columns-is-layout-flex\">\n<div class=\"wp-block-column is-layout-flow wp-block-column-is-layout-flow\" style=\"flex-basis:33.33%\">\n<div class=\"wp-block-columns is-layout-flex wp-container-core-columns-is-layout-9d6595d7 wp-block-columns-is-layout-flex\">\n<div class=\"wp-block-column column-border is-layout-flow wp-block-column-is-layout-flow\">\n<h2 class=\"ls__heading wp-block-heading has-color-1-color has-text-color has-link-color wp-elements-6fa3f117ead7375d083f9a3ff044a9c1\"><strong>Evening entertainment<\/strong>: <br\/>to liven up your summer in Normandy!<\/h2>\n\n\n\n<p class=\"ls-paragraph\">Every Saturday evening in season, take part in a wide range of entertainment at the Normandy campsite: <strong>dance evenings<\/strong>, <strong>karaoke<\/strong> and <strong>themed meals<\/strong>.<\/p>\n\n\n\n<p class=\"ls-paragraph\">In a warm and friendly atmosphere, you can share festive moments with family and friends, and create unforgettable memories.<\/p>\n\n\n\n<p class=\"ls-paragraph\">The perfect rhythm for your country vacations!<\/p>\n<\/div>\n<\/div>\n<\/div>\n\n\n\n<div class=\"wp-block-column is-layout-flow wp-block-column-is-layout-flow\" style=\"flex-basis:66.66%\">\n<figure class=\"wp-block-gallery has-nested-images columns-default is-cropped wp-block-gallery-5 is-layout-flex wp-block-gallery-is-layout-flex\">\n<figure class=\"wp-block-image size-full animated fadeIn delay-200ms\"><a href=\"https:\/\/campingmonacoparc.com\/wp-content\/uploads\/2025\/04\/soirees-animees-ambiancez-votre-ete-en-normandie.jpg\"><img decoding=\"async\" width=\"1000\" height=\"590\" data-id=\"1080\" src=\"https:\/\/campingmonacoparc.com\/wp-content\/uploads\/2025\/04\/soirees-animees-ambiancez-votre-ete-en-normandie.jpg\" alt=\"animated evenings liven up your summer in normandy\" class=\"wp-image-1080\" srcset=\"https:\/\/www.campingmonacoparc.com\/wp-content\/uploads\/2025\/04\/soirees-animees-ambiancez-votre-ete-en-normandie.jpg 1000w, https:\/\/www.campingmonacoparc.com\/wp-content\/uploads\/2025\/04\/soirees-animees-ambiancez-votre-ete-en-normandie-300x177.jpg 300w, https:\/\/www.campingmonacoparc.com\/wp-content\/uploads\/2025\/04\/soirees-animees-ambiancez-votre-ete-en-normandie-768x453.jpg 768w\" sizes=\"(max-width: 1000px) 100vw, 1000px\" \/><\/a><\/figure>\n\n\n\n<figure class=\"wp-block-image size-full animated fadeIn\"><a href=\"https:\/\/campingmonacoparc.com\/wp-content\/uploads\/2025\/04\/soirees-dansantes.jpg\"><img decoding=\"async\" width=\"1067\" height=\"950\" data-id=\"1078\" src=\"https:\/\/campingmonacoparc.com\/wp-content\/uploads\/2025\/04\/soirees-dansantes.jpg\" alt=\"evening dances\" class=\"wp-image-1078\" srcset=\"https:\/\/www.campingmonacoparc.com\/wp-content\/uploads\/2025\/04\/soirees-dansantes.jpg 1067w, https:\/\/www.campingmonacoparc.com\/wp-content\/uploads\/2025\/04\/soirees-dansantes-300x267.jpg 300w, https:\/\/www.campingmonacoparc.com\/wp-content\/uploads\/2025\/04\/soirees-dansantes-1024x912.jpg 1024w, https:\/\/www.campingmonacoparc.com\/wp-content\/uploads\/2025\/04\/soirees-dansantes-768x684.jpg 768w\" sizes=\"(max-width: 1067px) 100vw, 1067px\" \/><\/a><\/figure>\n<\/figure>\n<\/div>\n<\/div>\n\n\r\n    <\/div>\r\n<\/section><section id=\"ls-section-block_6876df72c8c9ea44da98b7d72556824d\" class=\"ls-section  page-cta\" >\r\n        <div class=\"container container--wide\">\r\n        \n\n<div id=\"ls-heading ls-titre-div-block_fb7296f89a27c69a313e6a3a78f7841b\" class=\"ls-titre-div aligncenter h2-like has-text-color has-color-1-color\" >\n    Discover our services, our rentals and our aquatic area<\/div>\n\n\n<div id=\"ls-maillage-block_7d7d70286a8f676f4e80c03b7751e95d\" class=\"ls-maillage cta-style-normal\" data-rows=\"3\">\r\n    <div class=\"wp-block-columns\"><div class=\"wp-block-column\">\n\n<a href=\"https:\/\/www.campingmonacoparc.com\/en\/mobile-home-rentals-longny-les-villages\/\" target=\"\" rel=\"noopener\" class=\"ls-cta__link\" data-categ=\"\">\n\t<div class=\"ls-cta__image\"><img decoding=\"async\" src=\"https:\/\/www.campingmonacoparc.com\/wp-content\/uploads\/2025\/04\/locations-mobil-home-longny-les-villages-cta.jpg\" alt=\"mobile home rentals longny les villages\"><\/div>\n\t<div class=\"ls-cta__title\">\n\t\t<span>Mobile home rental<\/span>\n\t\t<i class=\"monaco-fleche-courbe\"><\/i>\n\t<\/div>\n\n\t<\/a><\/div><div class=\"wp-block-column\">\n\n<a href=\"https:\/\/www.campingmonacoparc.com\/en\/campsite-water-park-longny-les-villages\/\" target=\"\" rel=\"noopener\" class=\"ls-cta__link\" data-categ=\"\">\n\t<div class=\"ls-cta__image\"><img decoding=\"async\" src=\"https:\/\/www.campingmonacoparc.com\/wp-content\/uploads\/2025\/04\/camping-espace-aquatique-longny-les-villages-cta.jpg\" alt=\"campsite water park longny les villages\"><\/div>\n\t<div class=\"ls-cta__title\">\n\t\t<span>Water park<\/span>\n\t\t<i class=\"monaco-fleche-courbe\"><\/i>\n\t<\/div>\n\n\t<\/a><\/div><div class=\"wp-block-column\">\n\n<a href=\"https:\/\/www.campingmonacoparc.com\/en\/family-campsite-longny-les-villages\/\" target=\"\" rel=\"noopener\" class=\"ls-cta__link\" data-categ=\"\">\n\t<div class=\"ls-cta__image\"><img decoding=\"async\" src=\"https:\/\/www.campingmonacoparc.com\/wp-content\/uploads\/2025\/04\/camping-familial-longny-les-villages-cta.jpg\" alt=\"family campsite longny les villages\"><\/div>\n\t<div class=\"ls-cta__title\">\n\t\t<span>Services and catering<\/span>\n\t\t<i class=\"monaco-fleche-courbe\"><\/i>\n\t<\/div>\n\n\t<\/a><\/div><\/div><\/div>\n\r\n    <\/div>\r\n<\/section>","protected":false},"excerpt":{"rendered":"","protected":false},"author":1,"featured_media":2403,"parent":0,"menu_order":0,"comment_status":"closed","ping_status":"closed","template":"","meta":{"_acf_changed":false,"_seopress_robots_primary_cat":"","_seopress_titles_title":"Camping avec animations pr\u00e8s de Paris | Loisirs en Normandie","_seopress_titles_desc":"Profitez d'activit\u00e9s vari\u00e9es au camping Monaco Parc : animations, miniferme, aire de jeux et sports pour toute la famille. Vivez des vacances inoubliables !","_seopress_robots_index":"","footnotes":""},"sujet":[],"class_list":["post-1392","page","type-page","status-publish","has-post-thumbnail","hentry"],"acf":[],"_links":{"self":[{"href":"https:\/\/www.campingmonacoparc.com\/en\/wp-json\/wp\/v2\/pages\/1392","targetHints":{"allow":["GET"]}}],"collection":[{"href":"https:\/\/www.campingmonacoparc.com\/en\/wp-json\/wp\/v2\/pages"}],"about":[{"href":"https:\/\/www.campingmonacoparc.com\/en\/wp-json\/wp\/v2\/types\/page"}],"author":[{"embeddable":true,"href":"https:\/\/www.campingmonacoparc.com\/en\/wp-json\/wp\/v2\/users\/1"}],"replies":[{"embeddable":true,"href":"https:\/\/www.campingmonacoparc.com\/en\/wp-json\/wp\/v2\/comments?post=1392"}],"version-history":[{"count":6,"href":"https:\/\/www.campingmonacoparc.com\/en\/wp-json\/wp\/v2\/pages\/1392\/revisions"}],"predecessor-version":[{"id":2217,"href":"https:\/\/www.campingmonacoparc.com\/en\/wp-json\/wp\/v2\/pages\/1392\/revisions\/2217"}],"wp:featuredmedia":[{"embeddable":true,"href":"https:\/\/www.campingmonacoparc.com\/en\/wp-json\/wp\/v2\/media\/2403"}],"wp:attachment":[{"href":"https:\/\/www.campingmonacoparc.com\/en\/wp-json\/wp\/v2\/media?parent=1392"}],"wp:term":[{"taxonomy":"sujet","embeddable":true,"href":"https:\/\/www.campingmonacoparc.com\/en\/wp-json\/wp\/v2\/sujet?post=1392"}],"curies":[{"name":"wp","href":"https:\/\/api.w.org\/{rel}","templated":true}]}}